{"id":104140,"date":"2022-01-21T12:09:52","date_gmt":"2022-01-21T12:09:52","guid":{"rendered":"https:\/\/preview.ellipse-marketing.com\/cardinal-coaching\/?page_id=104140"},"modified":"2023-07-03T08:58:52","modified_gmt":"2023-07-03T08:58:52","slug":"about","status":"publish","type":"page","link":"https:\/\/cardinal-coaching.com\/fr\/about\/","title":{"rendered":"A Propos"},"content":{"rendered":"<div class=\"wpb-content-wrapper\"><div data-parent=\"true\" class=\"vc_row style-color-prif-bg row-container with-parallax mobile-hidden\" id=\"row-unique-0\"><div class=\"row-background background-element\">\n\t\t\t\t\t\t\t\t\t\t\t<div class=\"background-wrapper\">\n\t\t\t\t\t\t\t\t\t\t\t\t<div class=\"background-inner\" style=\"background-image: url(https:\/\/cardinal-coaching.com\/wp-content\/uploads\/2022\/04\/About-1-1.jpg);background-repeat: no-repeat;background-position: center center;background-size: cover;\"><\/div>\n\t\t\t\t\t\t\t\t\t\t\t\t<div class=\"block-bg-overlay style-color-wayh-bg\" style=\"opacity: 0.8;\"><\/div>\n\t\t\t\t\t\t\t\t\t\t\t<\/div>\n\t\t\t\t\t\t\t\t\t\t<\/div><div class=\"row exa-top-padding exa-bottom-padding single-h-padding limit-width row-parent\" data-height-ratio=\"54\"><div class=\"wpb_row row-inner\"><div class=\"wpb_column pos-middle pos-center align_center column_parent col-lg-12 single-internal-gutter\"><div class=\"uncol style-dark animate_when_almost_visible alpha-anim\"  data-speed=\"1000\"><div class=\"uncoltable\"><div class=\"uncell no-block-padding\" ><div class=\"uncont\" ><div class=\"vc_row row-internal row-container\"><div class=\"row col-double-gutter row-child\"><div class=\"wpb_row row-inner\"><div class=\"wpb_column pos-top pos-center align_left column_child col-lg-6 single-internal-gutter\"><div class=\"uncol style-light\" ><div class=\"uncoltable\"><div class=\"uncell no-block-padding\" ><div class=\"uncont\" ><\/div><\/div><\/div><\/div><\/div><div class=\"wpb_column pos-middle pos-center align_left column_child col-lg-6 col-md-50 double-internal-gutter\"><div class=\"uncol style-dark animate_when_almost_visible bottom-t-top\" data-delay=\"500\" data-speed=\"400\"><div class=\"uncoltable\"><div class=\"uncell no-block-padding\" ><div class=\"uncont\" ><div class=\"uncode_text_column text-lead\" ><p>Bas\u00e9 en r\u00e9gion parisienne, Cardinal Coaching intervient aupr\u00e8s des managers d\u2019\u00e9quipes multiculturelles et multisites, en collaboration avec un r\u00e9seau de coachs et formateurs certifi\u00e9s.<\/p>\n<\/div><\/div><\/div><\/div><\/div><\/div><\/div><\/div><\/div><\/div><\/div><\/div><\/div><\/div><script id=\"script-row-unique-0\" data-row=\"script-row-unique-0\" type=\"text\/javascript\" class=\"vc_controls\">UNCODE.initRow(document.getElementById(\"row-unique-0\"));<\/script><\/div><\/div><\/div><div data-parent=\"true\" class=\"vc_row style-color-prif-bg row-container with-parallax desktop-hidden tablet-hidden\" id=\"row-unique-1\"><div class=\"row-background background-element\">\n\t\t\t\t\t\t\t\t\t\t\t<div class=\"background-wrapper\">\n\t\t\t\t\t\t\t\t\t\t\t\t<div class=\"background-inner\" style=\"background-image: url(https:\/\/cardinal-coaching.com\/wp-content\/uploads\/2022\/04\/About-1-1.jpg);background-repeat: no-repeat;background-position: center center;background-size: cover;\"><\/div>\n\t\t\t\t\t\t\t\t\t\t\t\t<div class=\"block-bg-overlay style-color-wayh-bg\" style=\"opacity: 0.8;\"><\/div>\n\t\t\t\t\t\t\t\t\t\t\t<\/div>\n\t\t\t\t\t\t\t\t\t\t<\/div><div class=\"row exa-top-padding exa-bottom-padding single-h-padding limit-width row-parent\" data-height-ratio=\"54\"><div class=\"wpb_row row-inner\"><div class=\"wpb_column pos-middle pos-center align_center column_parent col-lg-12 single-internal-gutter\"><div class=\"uncol style-dark animate_when_almost_visible bottom-t-top\"  ><div class=\"uncoltable\"><div class=\"uncell no-block-padding\" ><div class=\"uncont\" ><div class=\"vc_custom_heading_wrap desktop-hidden tablet-hidden mobile-hidden\"><div class=\"heading-text el-text\" ><h2 class=\"h2\" ><span>MOBILE VERSION<\/span><\/h2><\/div><div class=\"clear\"><\/div><\/div><div class=\"uncode_text_column text-lead\" ><p>Bas\u00e9 en r\u00e9gion parisienne, Cardinal Coaching intervient aupr\u00e8s des managers d\u2019\u00e9quipes multiculturelles et multisites, en collaboration avec un r\u00e9seau de coachs et formateurs certifi\u00e9s.<\/p>\n<\/div><\/div><\/div><\/div><\/div><\/div><script id=\"script-row-unique-1\" data-row=\"script-row-unique-1\" type=\"text\/javascript\" class=\"vc_controls\">UNCODE.initRow(document.getElementById(\"row-unique-1\"));<\/script><\/div><\/div><\/div><div data-parent=\"true\" class=\"vc_row row-container\" id=\"row-unique-2\"><div class=\"row col-double-gutter double-top-padding quad-bottom-padding single-h-padding limit-width row-parent\"><div class=\"wpb_row shift_y_neg_single row-inner\"><div class=\"wpb_column pos-top pos-center align_left column_parent col-lg-5 col-md-33 single-internal-gutter\"><div class=\"uncol style-light unexpand shift_y_neg_quad shift_y_fixed\"  ><div class=\"uncoltable\"><div class=\"uncell no-block-padding\" ><div class=\"uncont\" ><div class=\"vc_row row-internal row-container\"><div class=\"row row-child\"><div class=\"wpb_row row-inner\"><div class=\"wpb_column pos-top pos-center align_left column_child col-lg-2 single-internal-gutter\"><div class=\"uncol style-light\" ><div class=\"uncoltable\"><div class=\"uncell no-block-padding\" ><div class=\"uncont\" ><\/div><\/div><\/div><\/div><\/div><div class=\"wpb_column pos-top pos-center align_left column_child col-lg-10 single-internal-gutter\"><div class=\"uncol style-light shift_y_neg_half\" ><div class=\"uncoltable\"><div class=\"uncell no-block-padding\" ><div class=\"uncont\" ><div class=\"uncode-single-media  text-left animate_when_almost_visible alpha-anim\" data-delay=\"600\"><div class=\"single-wrapper\" style=\"max-width: 100%;\"><div class=\"tmb tmb-light  img-round tmb-img-ratio tmb-media-first tmb-media-last tmb-content-overlay tmb-no-bg\"><div class=\"t-inside\"><div class=\"t-entry-visual\"><div class=\"t-entry-visual-tc\"><div class=\"uncode-single-media-wrapper img-round\"><div class=\"dummy\" style=\"padding-top: 133.4%;\"><\/div><img decoding=\"async\" class=\"wp-image-104136\" src=\"https:\/\/cardinal-coaching.com\/wp-content\/uploads\/2022\/01\/portrait-anniversaire-scaled-uai-1280x1707.jpg\" width=\"1280\" height=\"1707\" alt=\"\"><\/div>\n\t\t\t\t\t<\/div>\n\t\t\t\t<\/div><\/div><\/div><\/div><\/div><\/div><\/div><\/div><\/div><\/div><\/div><\/div><\/div><\/div><\/div><\/div><\/div><\/div><div class=\"wpb_column pos-top pos-left align_left column_parent col-lg-1 tablet-hidden single-internal-gutter\"><div class=\"uncol style-light\"  ><div class=\"uncoltable\"><div class=\"uncell no-block-padding\" ><div class=\"uncont\" ><\/div><\/div><\/div><\/div><\/div><div class=\"wpb_column pos-top pos-center align_left column_parent col-lg-6 col-md-33 single-internal-gutter\"><div class=\"uncol style-light unexpand animate_when_almost_visible bottom-t-top\"  data-delay=\"800\"><div class=\"uncoltable\"><div class=\"uncell  vc_custom_1643725283266 no-block-padding\" style=\"padding-top: -30px ;\" ><div class=\"uncont\" ><div class=\"vc_row row-internal row-container\"><div class=\"row row-child\"><div class=\"wpb_row row-inner\"><div class=\"wpb_column pos-top pos-center align_left column_child col-lg-12 one-internal-gutter\"><div class=\"uncol style-light\" ><div class=\"uncoltable\"><div class=\"uncell no-block-padding\" ><div class=\"uncont\" ><div class=\"vc_custom_heading_wrap\"><div class=\"heading-text el-text curtain animate_inner_when_almost_visible el-text-split\" data-speed=\"1000\"><h2 class=\"fontsize-102383 font-weight-600 text-color-890787-color font-obs\" data-style=\"normal\" data-weight=\"600\" data-font=\"Poppins\"><span class=\"heading-text-inner\"><span class=\"split-word word1\"><span class=\"split-word-flow\"><span class=\"split-word-inner\">Elham<\/span><\/span><\/span><span class=\"split-word word2\"><span class=\"split-word-flow\"><span class=\"split-word-inner split-empty-inner\"><span class=\"split-word-empty\">&nbsp;<\/span>Asdaghi<\/span><\/span><\/span><\/span><\/h2><\/div><div class=\"clear\"><\/div><\/div><div class=\"vc_custom_heading_wrap\"><div class=\"heading-text el-text curtain animate_inner_when_almost_visible el-text-split\" data-delay=\"200\" data-speed=\"1000\"><h2 class=\"h4 fontspace-119891 font-weight-400 text-color-prif-color font-obs\" data-style=\"normal\" data-weight=\"400\" data-font=\"Poppins\"><span class=\"heading-text-inner\"><span class=\"split-word word1\"><span class=\"split-word-flow\"><span class=\"split-word-inner\">PRINCIPAL<\/span><\/span><\/span><\/span><\/h2><\/div><div class=\"clear\"><\/div><\/div><\/div><\/div><\/div><\/div><\/div><\/div><\/div><\/div><div class=\"uncode_text_column\" ><p>Depuis 25 ans, Elham a travaill\u00e9 au sein des multinationales pour soutenir des fonctions technologiques, cr\u00e9atifs, business et support sur cinq continents dans l\u2019atteinte de leurs objectifs. Elle accompagne des managers bas\u00e9s en France, et leurs \u00e9quipes partout dans le monde, dans la transformation de leurs d\u00e9fis en opportunit\u00e9s de croissance et de succ\u00e8s.<\/p>\n<p>Pionni\u00e8re dans la recherche sur le coaching multilingue, Elham puise dans sa propre exp\u00e9rience multiculturelle : \u00e9duqu\u00e9e aux Etats-Unis et d\u2019origine iranienne, elle est de triple-nationalit\u00e9 anglaise, fran\u00e7aise et canadienne. Elle est coach certifi\u00e9e par HEC Paris et le Global Team Coaching Institute, et dipl\u00f4m\u00e9e en Communication par Stanford University et l\u2019ESCP Europe.<\/p>\n<\/div><div class=\"un-media-gallery owl-carousel-wrapper carousel-animation-first\">\n\t\t\n\t\n\t<div class=\"owl-carousel-container owl-carousel-loading single-gutter\" >\n\t\t\t\t\t\t\t\t\t<div id=\"gallery-85457-829\" class=\"owl-carousel owl-element owl-valign-middle owl-height-auto\" data-loop=\"true\" data-navmobile=\"false\" data-navspeed=\"400\" data-autoplay=\"true\" data-timeout=\"3000\" data-stagepadding=\"0\" data-lg=\"4\" data-md=\"2\" data-sm=\"2\">\n<div class=\"tmb tmb-carousel tmb-iso-h4 tmb-light tmb-overlay-middle tmb-overlay-text-left tmb-id-104187  tmb-media-first tmb-media-last tmb-content-overlay tmb-no-bg\" ><div class=\"t-inside animate_when_almost_visible bottom-t-top\" data-delay=\"400\"><div class=\"t-entry-visual\"><div class=\"t-entry-visual-tc\"><div class=\"t-entry-visual-cont\"><div class=\"dummy\" style=\"padding-top: 46.3%;\"><\/div><a  class=\"inactive-link pushed\" data-lb-index=\"0\"><div class=\"t-entry-visual-overlay\"><div class=\"t-entry-visual-overlay-in style-dark-bg\" style=\"opacity: 0.5;\"><\/div><\/div><img decoding=\"async\" class=\"wp-image-104187\" src=\"https:\/\/cardinal-coaching.com\/wp-content\/uploads\/2022\/01\/Logo1.1.png\" width=\"354\" height=\"164\" alt=\"\" srcset=\"https:\/\/cardinal-coaching.com\/wp-content\/uploads\/2022\/01\/Logo1.1.png 354w, https:\/\/cardinal-coaching.com\/wp-content\/uploads\/2022\/01\/Logo1.1-300x139.png 300w\" sizes=\"(max-width: 354px) 100vw, 354px\" \/><\/a><\/div>\n\t\t\t\t\t<\/div>\n\t\t\t\t<\/div><\/div><\/div><div class=\"tmb tmb-carousel tmb-iso-h4 tmb-light tmb-overlay-middle tmb-overlay-text-left tmb-id-104188  tmb-media-first tmb-media-last tmb-content-overlay tmb-no-bg\" ><div class=\"t-inside animate_when_almost_visible bottom-t-top\" data-delay=\"400\"><div class=\"t-entry-visual\"><div class=\"t-entry-visual-tc\"><div class=\"t-entry-visual-cont\"><div class=\"dummy\" style=\"padding-top: 46.3%;\"><\/div><a  class=\"inactive-link pushed\" data-lb-index=\"1\"><div class=\"t-entry-visual-overlay\"><div class=\"t-entry-visual-overlay-in style-dark-bg\" style=\"opacity: 0.5;\"><\/div><\/div><img decoding=\"async\" class=\"wp-image-104188\" src=\"https:\/\/cardinal-coaching.com\/wp-content\/uploads\/2022\/01\/Logo2.1.png\" width=\"354\" height=\"164\" alt=\"\" srcset=\"https:\/\/cardinal-coaching.com\/wp-content\/uploads\/2022\/01\/Logo2.1.png 354w, https:\/\/cardinal-coaching.com\/wp-content\/uploads\/2022\/01\/Logo2.1-300x139.png 300w\" sizes=\"(max-width: 354px) 100vw, 354px\" \/><\/a><\/div>\n\t\t\t\t\t<\/div>\n\t\t\t\t<\/div><\/div><\/div><div class=\"tmb tmb-carousel tmb-iso-h4 tmb-light tmb-overlay-middle tmb-overlay-text-left tmb-id-104435  tmb-media-first tmb-media-last tmb-content-overlay tmb-no-bg\" ><div class=\"t-inside animate_when_almost_visible bottom-t-top\" data-delay=\"400\"><div class=\"t-entry-visual\"><div class=\"t-entry-visual-tc\"><div class=\"t-entry-visual-cont\"><div class=\"dummy\" style=\"padding-top: 46.3%;\"><\/div><a  class=\"inactive-link pushed\" data-lb-index=\"2\"><div class=\"t-entry-visual-overlay\"><div class=\"t-entry-visual-overlay-in style-dark-bg\" style=\"opacity: 0.5;\"><\/div><\/div><img decoding=\"async\" class=\"wp-image-104435\" src=\"https:\/\/cardinal-coaching.com\/wp-content\/uploads\/2022\/02\/hhff.png\" width=\"354\" height=\"164\" alt=\"\" srcset=\"https:\/\/cardinal-coaching.com\/wp-content\/uploads\/2022\/02\/hhff.png 354w, https:\/\/cardinal-coaching.com\/wp-content\/uploads\/2022\/02\/hhff-300x139.png 300w\" sizes=\"(max-width: 354px) 100vw, 354px\" \/><\/a><\/div>\n\t\t\t\t\t<\/div>\n\t\t\t\t<\/div><\/div><\/div><div class=\"tmb tmb-carousel tmb-iso-h4 tmb-light tmb-overlay-middle tmb-overlay-text-left tmb-id-104753  tmb-media-first tmb-media-last tmb-content-overlay tmb-no-bg\" ><div class=\"t-inside animate_when_almost_visible bottom-t-top\" data-delay=\"400\"><div class=\"t-entry-visual\"><div class=\"t-entry-visual-tc\"><div class=\"t-entry-visual-cont\"><div class=\"dummy\" style=\"padding-top: 21.1%;\"><\/div><a  class=\"inactive-link pushed\" data-lb-index=\"3\"><div class=\"t-entry-visual-overlay\"><div class=\"t-entry-visual-overlay-in style-dark-bg\" style=\"opacity: 0.5;\"><\/div><\/div><img decoding=\"async\" class=\"wp-image-104753\" src=\"https:\/\/cardinal-coaching.com\/wp-content\/uploads\/2022\/09\/crr-global.png\" width=\"412\" height=\"87\" alt=\"\" srcset=\"https:\/\/cardinal-coaching.com\/wp-content\/uploads\/2022\/09\/crr-global.png 412w, https:\/\/cardinal-coaching.com\/wp-content\/uploads\/2022\/09\/crr-global-300x63.png 300w\" sizes=\"(max-width: 412px) 100vw, 412px\" \/><\/a><\/div>\n\t\t\t\t\t<\/div>\n\t\t\t\t<\/div><\/div><\/div><div class=\"tmb tmb-carousel tmb-iso-h4 tmb-light tmb-overlay-middle tmb-overlay-text-left tmb-id-104754  tmb-media-first tmb-media-last tmb-content-overlay tmb-no-bg\" ><div class=\"t-inside animate_when_almost_visible bottom-t-top\" data-delay=\"400\"><div class=\"t-entry-visual\"><div class=\"t-entry-visual-tc\"><div class=\"t-entry-visual-cont\"><div class=\"dummy\" style=\"padding-top: 46%;\"><\/div><a  class=\"inactive-link pushed\" data-lb-index=\"4\"><div class=\"t-entry-visual-overlay\"><div class=\"t-entry-visual-overlay-in style-dark-bg\" style=\"opacity: 0.5;\"><\/div><\/div><img decoding=\"async\" class=\"wp-image-104754\" src=\"https:\/\/cardinal-coaching.com\/wp-content\/uploads\/2022\/09\/EIA.png\" width=\"354\" height=\"163\" alt=\"\" srcset=\"https:\/\/cardinal-coaching.com\/wp-content\/uploads\/2022\/09\/EIA.png 354w, https:\/\/cardinal-coaching.com\/wp-content\/uploads\/2022\/09\/EIA-300x138.png 300w\" sizes=\"(max-width: 354px) 100vw, 354px\" \/><\/a><\/div>\n\t\t\t\t\t<\/div>\n\t\t\t\t<\/div><\/div><\/div><div class=\"tmb tmb-carousel tmb-iso-h4 tmb-light tmb-overlay-middle tmb-overlay-text-left tmb-id-105003  tmb-media-first tmb-media-last tmb-content-overlay tmb-no-bg\" ><div class=\"t-inside animate_when_almost_visible bottom-t-top\" data-delay=\"400\"><div class=\"t-entry-visual\"><div class=\"t-entry-visual-tc\"><div class=\"t-entry-visual-cont\"><div class=\"dummy\" style=\"padding-top: 38.7%;\"><\/div><a  class=\"inactive-link pushed\" data-lb-index=\"5\"><div class=\"t-entry-visual-overlay\"><div class=\"t-entry-visual-overlay-in style-dark-bg\" style=\"opacity: 0.5;\"><\/div><\/div><img decoding=\"async\" class=\"wp-image-105003\" src=\"https:\/\/cardinal-coaching.com\/wp-content\/uploads\/2023\/07\/small-gtci.png\" width=\"333\" height=\"129\" alt=\"\" srcset=\"https:\/\/cardinal-coaching.com\/wp-content\/uploads\/2023\/07\/small-gtci.png 333w, https:\/\/cardinal-coaching.com\/wp-content\/uploads\/2023\/07\/small-gtci-300x116.png 300w, https:\/\/cardinal-coaching.com\/wp-content\/uploads\/2023\/07\/small-gtci-18x7.png 18w\" sizes=\"(max-width: 333px) 100vw, 333px\" \/><\/a><\/div>\n\t\t\t\t\t<\/div>\n\t\t\t\t<\/div><\/div><\/div>\t\t\t<\/div>\n\t\t\t\t\t<\/div>\n\n\t\n\t\n\t\n<\/div>\n\n<\/div><\/div><\/div><\/div><\/div><script id=\"script-row-unique-2\" data-row=\"script-row-unique-2\" type=\"text\/javascript\" class=\"vc_controls\">UNCODE.initRow(document.getElementById(\"row-unique-2\"));<\/script><\/div><\/div><\/div>\n<\/div>","protected":false},"excerpt":{"rendered":"Based in the Paris area, Cardinal Coaching addresses the needs of corporate managers of multicultural and multi-site teams in collaboration [...]","protected":false},"author":2,"featured_media":0,"parent":0,"menu_order":0,"comment_status":"closed","ping_status":"closed","template":"","meta":{"footnotes":""},"class_list":["post-104140","page","type-page","status-publish","hentry","page_category-classic"],"yoast_head":"<!-- This site is optimized with the Yoast SEO plugin v27.4 - https:\/\/yoast.com\/product\/yoast-seo-wordpress\/ -->\n<title>Intercultural, Communications &amp; Systemic Coach: Elham Asdaghi<\/title>\n<meta name=\"description\" content=\"Multi-lingual coaching specialist with 25 years of experience working with senior leaders to clarify strategy and federate teams worldwide, in English and French\" \/>\n<meta name=\"robots\" content=\"index, follow, max-snippet:-1, max-image-preview:large, max-video-preview:-1\" \/>\n<link rel=\"canonical\" href=\"https:\/\/cardinal-coaching.com\/fr\/about\/\" \/>\n<meta property=\"og:locale\" content=\"fr_FR\" \/>\n<meta property=\"og:type\" content=\"article\" \/>\n<meta property=\"og:title\" content=\"Intercultural, Communications &amp; Systemic Coach: Elham Asdaghi\" \/>\n<meta property=\"og:description\" content=\"Multi-lingual coaching specialist with 25 years of experience working with senior leaders to clarify strategy and federate teams worldwide, in English and French\" \/>\n<meta property=\"og:url\" content=\"https:\/\/cardinal-coaching.com\/fr\/about\/\" \/>\n<meta property=\"og:site_name\" content=\"Cardinal Coaching\" \/>\n<meta property=\"article:modified_time\" content=\"2023-07-03T08:58:52+00:00\" \/>\n<meta name=\"twitter:card\" content=\"summary_large_image\" \/>\n<meta name=\"twitter:label1\" content=\"Dur\u00e9e de lecture estim\u00e9e\" \/>\n\t<meta name=\"twitter:data1\" content=\"2 minutes\" \/>\n<script type=\"application\/ld+json\" class=\"yoast-schema-graph\">{\"@context\":\"https:\\\/\\\/schema.org\",\"@graph\":[{\"@type\":\"WebPage\",\"@id\":\"https:\\\/\\\/cardinal-coaching.com\\\/about\\\/\",\"url\":\"https:\\\/\\\/cardinal-coaching.com\\\/about\\\/\",\"name\":\"Intercultural, Communications & Systemic Coach: Elham Asdaghi\",\"isPartOf\":{\"@id\":\"https:\\\/\\\/cardinal-coaching.com\\\/#website\"},\"datePublished\":\"2022-01-21T12:09:52+00:00\",\"dateModified\":\"2023-07-03T08:58:52+00:00\",\"description\":\"Multi-lingual coaching specialist with 25 years of experience working with senior leaders to clarify strategy and federate teams worldwide, in English and French\",\"breadcrumb\":{\"@id\":\"https:\\\/\\\/cardinal-coaching.com\\\/about\\\/#breadcrumb\"},\"inLanguage\":\"fr-FR\",\"potentialAction\":[{\"@type\":\"ReadAction\",\"target\":[\"https:\\\/\\\/cardinal-coaching.com\\\/about\\\/\"]}]},{\"@type\":\"BreadcrumbList\",\"@id\":\"https:\\\/\\\/cardinal-coaching.com\\\/about\\\/#breadcrumb\",\"itemListElement\":[{\"@type\":\"ListItem\",\"position\":1,\"name\":\"Home\",\"item\":\"https:\\\/\\\/cardinal-coaching.com\\\/\"},{\"@type\":\"ListItem\",\"position\":2,\"name\":\"About\"}]},{\"@type\":\"WebSite\",\"@id\":\"https:\\\/\\\/cardinal-coaching.com\\\/#website\",\"url\":\"https:\\\/\\\/cardinal-coaching.com\\\/\",\"name\":\"Cardinal Coaching\",\"description\":\"Cardinal Coaching\",\"potentialAction\":[{\"@type\":\"SearchAction\",\"target\":{\"@type\":\"EntryPoint\",\"urlTemplate\":\"https:\\\/\\\/cardinal-coaching.com\\\/?s={search_term_string}\"},\"query-input\":{\"@type\":\"PropertyValueSpecification\",\"valueRequired\":true,\"valueName\":\"search_term_string\"}}],\"inLanguage\":\"fr-FR\"}]}<\/script>\n<!-- \/ Yoast SEO plugin. -->","yoast_head_json":{"title":"Intercultural, Communications & Systemic Coach: Elham Asdaghi","description":"Multi-lingual coaching specialist with 25 years of experience working with senior leaders to clarify strategy and federate teams worldwide, in English and French","robots":{"index":"index","follow":"follow","max-snippet":"max-snippet:-1","max-image-preview":"max-image-preview:large","max-video-preview":"max-video-preview:-1"},"canonical":"https:\/\/cardinal-coaching.com\/fr\/about\/","og_locale":"fr_FR","og_type":"article","og_title":"Intercultural, Communications & Systemic Coach: Elham Asdaghi","og_description":"Multi-lingual coaching specialist with 25 years of experience working with senior leaders to clarify strategy and federate teams worldwide, in English and French","og_url":"https:\/\/cardinal-coaching.com\/fr\/about\/","og_site_name":"Cardinal Coaching","article_modified_time":"2023-07-03T08:58:52+00:00","twitter_card":"summary_large_image","twitter_misc":{"Dur\u00e9e de lecture estim\u00e9e":"2 minutes"},"schema":{"@context":"https:\/\/schema.org","@graph":[{"@type":"WebPage","@id":"https:\/\/cardinal-coaching.com\/about\/","url":"https:\/\/cardinal-coaching.com\/about\/","name":"Intercultural, Communications & Systemic Coach: Elham Asdaghi","isPartOf":{"@id":"https:\/\/cardinal-coaching.com\/#website"},"datePublished":"2022-01-21T12:09:52+00:00","dateModified":"2023-07-03T08:58:52+00:00","description":"Multi-lingual coaching specialist with 25 years of experience working with senior leaders to clarify strategy and federate teams worldwide, in English and French","breadcrumb":{"@id":"https:\/\/cardinal-coaching.com\/about\/#breadcrumb"},"inLanguage":"fr-FR","potentialAction":[{"@type":"ReadAction","target":["https:\/\/cardinal-coaching.com\/about\/"]}]},{"@type":"BreadcrumbList","@id":"https:\/\/cardinal-coaching.com\/about\/#breadcrumb","itemListElement":[{"@type":"ListItem","position":1,"name":"Home","item":"https:\/\/cardinal-coaching.com\/"},{"@type":"ListItem","position":2,"name":"About"}]},{"@type":"WebSite","@id":"https:\/\/cardinal-coaching.com\/#website","url":"https:\/\/cardinal-coaching.com\/","name":"Cardinal Coaching","description":"Cardinal Coaching","potentialAction":[{"@type":"SearchAction","target":{"@type":"EntryPoint","urlTemplate":"https:\/\/cardinal-coaching.com\/?s={search_term_string}"},"query-input":{"@type":"PropertyValueSpecification","valueRequired":true,"valueName":"search_term_string"}}],"inLanguage":"fr-FR"}]}},"_links":{"self":[{"href":"https:\/\/cardinal-coaching.com\/fr\/wp-json\/wp\/v2\/pages\/104140","targetHints":{"allow":["GET"]}}],"collection":[{"href":"https:\/\/cardinal-coaching.com\/fr\/wp-json\/wp\/v2\/pages"}],"about":[{"href":"https:\/\/cardinal-coaching.com\/fr\/wp-json\/wp\/v2\/types\/page"}],"author":[{"embeddable":true,"href":"https:\/\/cardinal-coaching.com\/fr\/wp-json\/wp\/v2\/users\/2"}],"replies":[{"embeddable":true,"href":"https:\/\/cardinal-coaching.com\/fr\/wp-json\/wp\/v2\/comments?post=104140"}],"version-history":[{"count":75,"href":"https:\/\/cardinal-coaching.com\/fr\/wp-json\/wp\/v2\/pages\/104140\/revisions"}],"predecessor-version":[{"id":105004,"href":"https:\/\/cardinal-coaching.com\/fr\/wp-json\/wp\/v2\/pages\/104140\/revisions\/105004"}],"wp:attachment":[{"href":"https:\/\/cardinal-coaching.com\/fr\/wp-json\/wp\/v2\/media?parent=104140"}],"curies":[{"name":"wp","href":"https:\/\/api.w.org\/{rel}","templated":true}]}}